{"id":2208,"date":"2023-12-20T08:55:16","date_gmt":"2023-12-20T08:55:16","guid":{"rendered":"https:\/\/ellithomes.com\/politica-de-cookies\/"},"modified":"2024-01-31T11:36:38","modified_gmt":"2024-01-31T11:36:38","slug":"politica-de-galetes","status":"publish","type":"page","link":"https:\/\/ellithomes.com\/ca\/politica-de-galetes\/","title":{"rendered":"Pol\u00edtica de galetes"},"content":{"rendered":"\t\t<div data-elementor-type=\"wp-page\" data-elementor-id=\"2208\" class=\"elementor elementor-2208 elementor-941\" data-elementor-post-type=\"page\">\n\t\t\t\t\t\t\t<div class=\"elementor-element elementor-element-54d18c2 e-flex e-con-boxed e-con e-parent\" data-id=\"54d18c2\" data-element_type=\"container\" data-settings=\"{&quot;background_background&quot;:&quot;classic&quot;,&quot;content_width&quot;:&quot;boxed&quot;}\" data-core-v316-plus=\"true\">\n\t\t\t\t\t<div class=\"e-con-inner\">\n\t\t\t\t<div class=\"elementor-element elementor-element-a088968 elementor-widget elementor-widget-heading\" data-id=\"a088968\" data-element_type=\"widget\" data-widget_type=\"heading.default\">\n\t\t\t\t<div class=\"elementor-widget-container\">\n\t\t\t<style>\/*! elementor - v3.18.0 - 20-12-2023 *\/\n.elementor-heading-title{padding:0;margin:0;line-height:1}.elementor-widget-heading .elementor-heading-title[class*=elementor-size-]>a{color:inherit;font-size:inherit;line-height:inherit}.elementor-widget-heading .elementor-heading-title.elementor-size-small{font-size:15px}.elementor-widget-heading .elementor-heading-title.elementor-size-medium{font-size:19px}.elementor-widget-heading .elementor-heading-title.elementor-size-large{font-size:29px}.elementor-widget-heading .elementor-heading-title.elementor-size-xl{font-size:39px}.elementor-widget-heading .elementor-heading-title.elementor-size-xxl{font-size:59px}<\/style><h1 class=\"elementor-heading-title elementor-size-default\">Pol\u00edtica de galetes<\/h1>\t\t<\/div>\n\t\t\t\t<\/div>\n\t\t\t\t\t<\/div>\n\t\t\t\t<\/div>\n\t\t<div class=\"elementor-element elementor-element-d0fb859 e-flex e-con-boxed e-con e-parent\" data-id=\"d0fb859\" data-element_type=\"container\" data-settings=\"{&quot;content_width&quot;:&quot;boxed&quot;}\" data-core-v316-plus=\"true\">\n\t\t\t\t\t<div class=\"e-con-inner\">\n\t\t\t\t<div class=\"elementor-element elementor-element-e5460f5 elementor-widget elementor-widget-text-editor\" data-id=\"e5460f5\" data-element_type=\"widget\" data-widget_type=\"text-editor.default\">\n\t\t\t\t<div class=\"elementor-widget-container\">\n\t\t\t<style>\/*! elementor - v3.18.0 - 20-12-2023 *\/\n.elementor-widget-text-editor.elementor-drop-cap-view-stacked .elementor-drop-cap{background-color:#69727d;color:#fff}.elementor-widget-text-editor.elementor-drop-cap-view-framed .elementor-drop-cap{color:#69727d;border:3px solid;background-color:transparent}.elementor-widget-text-editor:not(.elementor-drop-cap-view-default) .elementor-drop-cap{margin-top:8px}.elementor-widget-text-editor:not(.elementor-drop-cap-view-default) .elementor-drop-cap-letter{width:1em;height:1em}.elementor-widget-text-editor .elementor-drop-cap{float:left;text-align:center;line-height:1;font-size:50px}.elementor-widget-text-editor .elementor-drop-cap-letter{display:inline-block}<\/style>\t\t\t\t<p>Esta Pol\u00edtica de Cookies es parte integrante del Aviso Legal y la Pol\u00edtica de Protecci\u00f3n de Datos de <a href=\"https:\/\/ellithomes.com\/home\/\">ellithomes.com\/home\/<\/a> (en adelante, el \u201cSitio Web\u201d). El acceso y la navegaci\u00f3n en el Sitio Web, o el uso de los servicios de esta, implican la aceptaci\u00f3n de los t\u00e9rminos y condiciones recogidos en el Aviso Legal y en la Pol\u00edtica de Privacidad.<\/p><p>Con el fin de facilitar su navegaci\u00f3n por el Sitio Web, Obres I Reformes Prokasa Catorze Empord\u00e0 S.L. (en adelante, EL-LIT HOMES), con domicilio en C\/Josep Casanovas, 14, 17230, Palam\u00f3s-Girona, con N.I.F. B-64509433, le comunica que utiliza Cookies u otros archivos de funcionalidad similar como Pixels, Tags o identificadores en l\u00ednea (en adelante, las \u201cCookies\u201d).<\/p><p>En todo caso, le informamos de que EL-LIT HOMES es el responsable de las Cookies y del tratamiento de los datos obtenidos a trav\u00e9s de las Cookies propias y de terceros decidiendo sobre la finalidad, contenido y uso del tratamiento de la informaci\u00f3n recabada.<\/p><p><b>\u00bfQu\u00e9 es una cookie?<\/b><\/p><p>Las Cookies son archivos que contienen peque\u00f1as cantidades de informaci\u00f3n que se descargan en el dispositivo del usuario cuando visita una p\u00e1gina web.<\/p><p>Las Cookies son esenciales para el funcionamiento de Internet; no pueden da\u00f1ar el equipo\/dispositivo del usuario y, si se encuentran activadas en la configuraci\u00f3n de tu navegador, ayudan a identificar y resolver posibles errores de funcionamiento del Sitio Web. Las cookies tienen muchas finalidades, como permitirle navegar entre p\u00e1ginas con eficiencia, recordar sus preferencias y, en general, mejorar su experiencia como usuario. Tambi\u00e9n pueden ayudarle a garantizar que los anuncios que ve online son los m\u00e1s relevantes y adecuados a sus intereses.<\/p><p><b>Uso de Cookies por parte de EL-LIT HOMES<\/b><\/p><p>Mediante la aceptaci\u00f3n del anuncio de cookies que aparece al comienzo de la navegaci\u00f3n en el sitio web o mediante la configuraci\u00f3n de las cookies, usted acepta de manera expresa la utilizaci\u00f3n de dichas Cookies en sus dispositivos. Si desactiva dichas Cookies, puede que algunas de las utilidades de que dispone el Sitio Web no funcionen correctamente.<\/p><p>Concretamente, EL-LIT HOMES est\u00e1 utilizando las Cookies para las finalidades que a continuaci\u00f3n se exponen. Si en un futuro EL-LIT HOMES utilizase otras con el prop\u00f3sito de otorgar m\u00e1s y mejores servicios, se informar\u00e1 al usuario de ello.<\/p><p><b>Cookies t\u00e9cnicas<\/b><\/p><p>Las cookies t\u00e9cnicas son esenciales para que pueda moverse por una p\u00e1gina web y usar sus funciones. De manera general, estas cookies habilitan las diferentes funciones de la p\u00e1gina web, hacen que su navegaci\u00f3n sea m\u00e1s segura o aportan funcionalidades que son previamente solicitadas por el usuario. Al ser necesarias para el funcionamiento del sitio, estas cookies por defecto estar\u00e1n activadas y no podr\u00e1n denegarse.<\/p><p>EL-LIT HOMES puede utilizar cookies necesarias para guardar su selecci\u00f3n de las cookies en nuestro configurador, estabilizar su navegaci\u00f3n o hacerla m\u00e1s segura.<\/p><table><tbody><tr><td width=\"157\"><p>Cookies t\u00e9cnicas<\/p><\/td><td width=\"192\"><p>Finalidad<\/p><\/td><td width=\"81\"><p>Proveedor<\/p><\/td><td width=\"136\"><p>Caducidad<\/p><\/td><\/tr><tr><td width=\"157\"><p>elementor<\/p><\/td><td width=\"192\"><p>Utilizada en relaci\u00f3n al tema de WordPress de la web. La cookie permite al propietario de la web implementar o cambiar el contenido de la web en tiempo real.<\/p><\/td><td width=\"81\"><p>Gmp<\/p><\/td><td width=\"136\"><p>23 d\u00edas<\/p><\/td><\/tr><tr><td width=\"157\"><p>wp-wpml_current_language<\/p><\/td><td width=\"192\"><p>Utilizada para determinar qu\u00e9 idioma deber\u00eda usarse para el usuario<\/p><\/td><td width=\"81\"><p>Gmp<\/p><\/td><td width=\"136\"><p>Sesi\u00f3n<\/p><\/td><\/tr><tr><td width=\"157\"><p>moove_gdpr_popup<\/p><\/td><td width=\"192\"><p>Almacena sus preferencias de cookies.<\/p><\/td><td width=\"81\"><p>Gmp<\/p><\/td><td width=\"136\"><p>1 a\u00f1o<\/p><\/td><\/tr><\/tbody><\/table><p>Estas cookies son necesarias para el funcionamiento del sitio web y por tanto no podr\u00e1n ser desactivadas.<\/p><p><b>Cookies anal\u00edticas<\/b><\/p><p>Estas cookies permiten realizar un seguimiento y an\u00e1lisis del comportamiento de los usuarios, incluida la cuantificaci\u00f3n de los impactos de los anuncios. La informaci\u00f3n recogida mediante este tipo de cookies se utiliza en la medici\u00f3n de la actividad de los sitios web, aplicaci\u00f3n o plataforma, con el fin de introducir mejoras en funci\u00f3n del an\u00e1lisis de los datos de uso que hacen los usuarios del servicio.<\/p><p>Puede aceptar o rechazar la instalaci\u00f3n de estas cookies.<\/p><table><tbody><tr><td width=\"142\"><p>Cookies anal\u00edticas<\/p><\/td><td width=\"227\"><p>Finalidad<\/p><\/td><td width=\"94\"><p>Proveedor<\/p><\/td><td width=\"104\"><p>Caducidad<\/p><\/td><\/tr><tr><td width=\"142\"><p>_ga<\/p><\/td><td width=\"227\"><p>Registra una identificaci\u00f3n \u00fanica que se utiliza para generar datos estad\u00edsticos acerca de c\u00f3mo utiliza el visitante el sitio web.<\/p><\/td><td width=\"94\"><p>Google<\/p><\/td><td width=\"104\"><p>2 a\u00f1os<\/p><\/td><\/tr><tr><td width=\"142\"><p>_gat<\/p><\/td><td width=\"227\"><p>Utilizado por Google Analytics para controlar la tasa de peticiones<\/p><\/td><td width=\"94\"><p>Google<\/p><\/td><td width=\"104\"><p>1 d\u00eda<\/p><\/td><\/tr><tr><td width=\"142\"><p>_gid<\/p><\/td><td width=\"227\"><p>Registra una identificaci\u00f3n \u00fanica que se utiliza para generar datos estad\u00edsticos acerca de c\u00f3mo utiliza el visitante el sitio web.<\/p><\/td><td width=\"94\"><p>Google<\/p><\/td><td width=\"104\"><p>1 d\u00eda<\/p><\/td><\/tr><\/tbody><\/table><p><b>Control y borrado de cookies<\/b><\/p><p>Con la herramienta de configuraci\u00f3n de cookies, tiene la posibilidad de rechazar o aceptar cookies que requieran de su consentimiento. Tambi\u00e9n puede bloquear y eliminar cookies cambiando la configuraci\u00f3n de su navegador.<\/p><ul><li>\u00a0Cookies t\u00e9cnicas<\/li><li>\u00a0Cookies anal\u00edticas<\/li><li>\u00a0Cookies publicitarias<br \/><br \/><\/li><\/ul><p>De igual manera, para administrar las cookies, la mayor\u00eda de los navegadores permiten rechazar o aceptar todas las cookies o solo aceptar ciertos tipos de cookies. El proceso para la gesti\u00f3n y eliminaci\u00f3n de cookies se puede encontrar en la funci\u00f3n de ayuda integrada en el navegador. Si desea limitar el uso de cookies, puede que no pueda utilizar todas las funciones interactivas de nuestro Sitio Web.<\/p><p>Puede permitir, bloquear o eliminar las cookies instaladas en su equipo mediante la configuraci\u00f3n de las opciones del navegador instalado en su ordenador:<\/p><ul><li>Firefox:\u00a0<a href=\"https:\/\/support.mozilla.org\/es\/kb\/habilitar-y-deshabilitar-cookies-sitios-web-rastrear-preferencias?redirectlocale=es&amp;redirectslug=habilitar-y-deshabilitar-cookies-que-los-sitios-we\">https:\/\/support.mozilla.org\/es\/kb\/habilitar-y-deshabilitar-cookies-sitios-web-rastrear-preferencias?redirectlocale=es&amp;redirectslug=habilitar-y-deshabilitar-cookies-que-los-sitios-we<\/a><\/li><li>Chrome:\u00a0<a href=\"https:\/\/support.google.com\/accounts\/answer\/61416?hl=es\">https:\/\/support.google.com\/accounts\/answer\/61416?hl=es<\/a><\/li><li>Explorer:\u00a0<a href=\"https:\/\/support.microsoft.com\/es-es\/help\/17442\/windows-internet-explorer-dele\">https:\/\/support.microsoft.com\/es-es\/help\/17442\/windows-internet-explorer-dele<\/a><\/li><li>Safari:\u00a0<a href=\"https:\/\/support.apple.com\/es-es\/guide\/safari\/sfri11471\/mac\">https:\/\/support.apple.com\/es-es\/guide\/safari\/sfri11471\/mac<\/a><\/li><li>Opera:\u00a0<a href=\"https:\/\/help.opera.com\/Windows\/11.50\/es-ES\/cookies.html\">https:\/\/help.opera.com\/Windows\/11.50\/es-ES\/cookies.html<\/a><br \/><br \/><\/li><\/ul><p><b>Notificaciones en el navegador<\/b><\/p><p>Si ha aceptado, al iniciar su navegaci\u00f3n en el Sitio Web, recibir notificaciones a trav\u00e9s de la ventana emergente, EL-LIT HOMES podr\u00e1 enviarte notificaciones emergentes sobre noticias y contenido relevante sobre su objeto social. Puede configurar estas notificaciones emergentes, tanto de EL-LIT HOMES como de otros sitios web, a trav\u00e9s de la configuraci\u00f3n u opciones de su navegador.<\/p><p>Configuraci\u00f3n de anuncios en otras plataformas<\/p><p>Al igual que sucede en los navegadores de ordenadores, lo navegadores de los dispositivos m\u00f3viles permiten realizar cambios en las opciones o ajustes de privacidad para desactivar o eliminar las cookies.<\/p><p>Si desea modificar las opciones de privacidad siga las instrucciones especificadas por el desarrollador de su navegador para el dispositivo m\u00f3vil.<\/p><p>A continuaci\u00f3n, podr\u00e1 encontrar algunos ejemplos de los links que le guiar\u00e1n para modificar las opciones de privacidad en su dispositivo m\u00f3vil:<\/p><ul><li><a href=\"https:\/\/support.apple.com\/es-es\/HT201265\">Safari para IOS<\/a><\/li><li><a href=\"https:\/\/support.google.com\/accounts\/answer\/32050?co=GENIE.Platform%3DAndroid&amp;hl=es&amp;oco=0\">Chrome para Android<\/a><br \/><br \/><\/li><\/ul><p><b>Transferencias internacionales<\/b><\/p><p>Puede informarse de las transferencias a terceros pa\u00edses que, en su caso, realizan los terceros identificados en esta pol\u00edtica de cookies en sus correspondientes pol\u00edticas de privacidad:<\/p><ul><li><a href=\"https:\/\/policies.google.com\/privacy?hl=es\">https:\/\/policies.google.com\/privacy?hl=es<\/a><br \/><br \/><\/li><\/ul><p>Los diferentes mecanismos de regularizaci\u00f3n de la transferencia internacional, en el caso de existir, ser\u00e1n informados por dichos terceros.<\/p>\t\t\t\t\t\t<\/div>\n\t\t\t\t<\/div>\n\t\t\t\t\t<\/div>\n\t\t\t\t<\/div>\n\t\t\t\t\t\t\t<\/div>\n\t\t","protected":false},"excerpt":{"rendered":"<p>Esta Pol\u00edtica de Cookies es parte integrante del Aviso Legal y la Pol\u00edtica de Protecci\u00f3n de Datos de ellithomes.com\/home\/ (en adelante, el \u201cSitio Web\u201d). El acceso y la navegaci\u00f3n en el Sitio Web, o el uso de los servicios de esta, implican la aceptaci\u00f3n de los t\u00e9rminos y condiciones recogidos en el Aviso Legal y [&hellip;]<\/p>\n","protected":false},"author":2,"featured_media":0,"parent":0,"menu_order":0,"comment_status":"closed","ping_status":"closed","template":"","meta":{"footnotes":""},"acf":[],"yoast_head":"<!-- This site is optimized with the Yoast SEO plugin v21.9.1 - https:\/\/yoast.com\/wordpress\/plugins\/seo\/ -->\n<title>Pol\u00edtica de galetes - el\u00b7lit Homes<\/title>\n<meta name=\"robots\" content=\"index, follow, max-snippet:-1, max-image-preview:large, max-video-preview:-1\" \/>\n<link rel=\"canonical\" href=\"https:\/\/ellithomes.com\/ca\/politica-de-galetes\/\" \/>\n<meta property=\"og:locale\" content=\"ca_ES\" \/>\n<meta property=\"og:type\" content=\"article\" \/>\n<meta property=\"og:title\" content=\"Pol\u00edtica de galetes - el\u00b7lit Homes\" \/>\n<meta property=\"og:description\" content=\"Esta Pol\u00edtica de Cookies es parte integrante del Aviso Legal y la Pol\u00edtica de Protecci\u00f3n de Datos de ellithomes.com\/home\/ (en adelante, el \u201cSitio Web\u201d). El acceso y la navegaci\u00f3n en el Sitio Web, o el uso de los servicios de esta, implican la aceptaci\u00f3n de los t\u00e9rminos y condiciones recogidos en el Aviso Legal y [&hellip;]\" \/>\n<meta property=\"og:url\" content=\"https:\/\/ellithomes.com\/ca\/politica-de-galetes\/\" \/>\n<meta property=\"og:site_name\" content=\"el\u00b7lit Homes\" \/>\n<meta property=\"article:modified_time\" content=\"2024-01-31T11:36:38+00:00\" \/>\n<meta name=\"twitter:card\" content=\"summary_large_image\" \/>\n<meta name=\"twitter:label1\" content=\"Temps estimat de lectura\" \/>\n\t<meta name=\"twitter:data1\" content=\"6 minuts\" \/>\n<script type=\"application\/ld+json\" class=\"yoast-schema-graph\">{\"@context\":\"https:\/\/schema.org\",\"@graph\":[{\"@type\":\"WebPage\",\"@id\":\"https:\/\/ellithomes.com\/ca\/politica-de-galetes\/\",\"url\":\"https:\/\/ellithomes.com\/ca\/politica-de-galetes\/\",\"name\":\"Pol\u00edtica de galetes - el\u00b7lit Homes\",\"isPartOf\":{\"@id\":\"https:\/\/ellithomes.com\/ca\/#website\"},\"datePublished\":\"2023-12-20T08:55:16+00:00\",\"dateModified\":\"2024-01-31T11:36:38+00:00\",\"breadcrumb\":{\"@id\":\"https:\/\/ellithomes.com\/ca\/politica-de-galetes\/#breadcrumb\"},\"inLanguage\":\"ca\",\"potentialAction\":[{\"@type\":\"ReadAction\",\"target\":[\"https:\/\/ellithomes.com\/ca\/politica-de-galetes\/\"]}]},{\"@type\":\"BreadcrumbList\",\"@id\":\"https:\/\/ellithomes.com\/ca\/politica-de-galetes\/#breadcrumb\",\"itemListElement\":[{\"@type\":\"ListItem\",\"position\":1,\"name\":\"Home\",\"item\":\"https:\/\/ellithomes.com\/ca\/home\/\"},{\"@type\":\"ListItem\",\"position\":2,\"name\":\"Pol\u00edtica de galetes\"}]},{\"@type\":\"WebSite\",\"@id\":\"https:\/\/ellithomes.com\/ca\/#website\",\"url\":\"https:\/\/ellithomes.com\/ca\/\",\"name\":\"el\u00b7lit Homes\",\"description\":\"Viviendas de Obra Nueva en Palam\u00f3s\",\"publisher\":{\"@id\":\"https:\/\/ellithomes.com\/ca\/#organization\"},\"potentialAction\":[{\"@type\":\"SearchAction\",\"target\":{\"@type\":\"EntryPoint\",\"urlTemplate\":\"https:\/\/ellithomes.com\/ca\/?s={search_term_string}\"},\"query-input\":\"required name=search_term_string\"}],\"inLanguage\":\"ca\"},{\"@type\":\"Organization\",\"@id\":\"https:\/\/ellithomes.com\/ca\/#organization\",\"name\":\"el\u00b7lit Homes\",\"url\":\"https:\/\/ellithomes.com\/ca\/\",\"logo\":{\"@type\":\"ImageObject\",\"inLanguage\":\"ca\",\"@id\":\"https:\/\/ellithomes.com\/ca\/#\/schema\/logo\/image\/\",\"url\":\"https:\/\/ellithomes.com\/wp-content\/uploads\/2023\/06\/logo.svg\",\"contentUrl\":\"https:\/\/ellithomes.com\/wp-content\/uploads\/2023\/06\/logo.svg\",\"width\":394,\"height\":283,\"caption\":\"el\u00b7lit Homes\"},\"image\":{\"@id\":\"https:\/\/ellithomes.com\/ca\/#\/schema\/logo\/image\/\"}}]}<\/script>\n<!-- \/ Yoast SEO plugin. -->","yoast_head_json":{"title":"Pol\u00edtica de galetes - el\u00b7lit Homes","robots":{"index":"index","follow":"follow","max-snippet":"max-snippet:-1","max-image-preview":"max-image-preview:large","max-video-preview":"max-video-preview:-1"},"canonical":"https:\/\/ellithomes.com\/ca\/politica-de-galetes\/","og_locale":"ca_ES","og_type":"article","og_title":"Pol\u00edtica de galetes - el\u00b7lit Homes","og_description":"Esta Pol\u00edtica de Cookies es parte integrante del Aviso Legal y la Pol\u00edtica de Protecci\u00f3n de Datos de ellithomes.com\/home\/ (en adelante, el \u201cSitio Web\u201d). El acceso y la navegaci\u00f3n en el Sitio Web, o el uso de los servicios de esta, implican la aceptaci\u00f3n de los t\u00e9rminos y condiciones recogidos en el Aviso Legal y [&hellip;]","og_url":"https:\/\/ellithomes.com\/ca\/politica-de-galetes\/","og_site_name":"el\u00b7lit Homes","article_modified_time":"2024-01-31T11:36:38+00:00","twitter_card":"summary_large_image","twitter_misc":{"Temps estimat de lectura":"6 minuts"},"schema":{"@context":"https:\/\/schema.org","@graph":[{"@type":"WebPage","@id":"https:\/\/ellithomes.com\/ca\/politica-de-galetes\/","url":"https:\/\/ellithomes.com\/ca\/politica-de-galetes\/","name":"Pol\u00edtica de galetes - el\u00b7lit Homes","isPartOf":{"@id":"https:\/\/ellithomes.com\/ca\/#website"},"datePublished":"2023-12-20T08:55:16+00:00","dateModified":"2024-01-31T11:36:38+00:00","breadcrumb":{"@id":"https:\/\/ellithomes.com\/ca\/politica-de-galetes\/#breadcrumb"},"inLanguage":"ca","potentialAction":[{"@type":"ReadAction","target":["https:\/\/ellithomes.com\/ca\/politica-de-galetes\/"]}]},{"@type":"BreadcrumbList","@id":"https:\/\/ellithomes.com\/ca\/politica-de-galetes\/#breadcrumb","itemListElement":[{"@type":"ListItem","position":1,"name":"Home","item":"https:\/\/ellithomes.com\/ca\/home\/"},{"@type":"ListItem","position":2,"name":"Pol\u00edtica de galetes"}]},{"@type":"WebSite","@id":"https:\/\/ellithomes.com\/ca\/#website","url":"https:\/\/ellithomes.com\/ca\/","name":"el\u00b7lit Homes","description":"Viviendas de Obra Nueva en Palam\u00f3s","publisher":{"@id":"https:\/\/ellithomes.com\/ca\/#organization"},"potentialAction":[{"@type":"SearchAction","target":{"@type":"EntryPoint","urlTemplate":"https:\/\/ellithomes.com\/ca\/?s={search_term_string}"},"query-input":"required name=search_term_string"}],"inLanguage":"ca"},{"@type":"Organization","@id":"https:\/\/ellithomes.com\/ca\/#organization","name":"el\u00b7lit Homes","url":"https:\/\/ellithomes.com\/ca\/","logo":{"@type":"ImageObject","inLanguage":"ca","@id":"https:\/\/ellithomes.com\/ca\/#\/schema\/logo\/image\/","url":"https:\/\/ellithomes.com\/wp-content\/uploads\/2023\/06\/logo.svg","contentUrl":"https:\/\/ellithomes.com\/wp-content\/uploads\/2023\/06\/logo.svg","width":394,"height":283,"caption":"el\u00b7lit Homes"},"image":{"@id":"https:\/\/ellithomes.com\/ca\/#\/schema\/logo\/image\/"}}]}},"_links":{"self":[{"href":"https:\/\/ellithomes.com\/ca\/wp-json\/wp\/v2\/pages\/2208"}],"collection":[{"href":"https:\/\/ellithomes.com\/ca\/wp-json\/wp\/v2\/pages"}],"about":[{"href":"https:\/\/ellithomes.com\/ca\/wp-json\/wp\/v2\/types\/page"}],"author":[{"embeddable":true,"href":"https:\/\/ellithomes.com\/ca\/wp-json\/wp\/v2\/users\/2"}],"replies":[{"embeddable":true,"href":"https:\/\/ellithomes.com\/ca\/wp-json\/wp\/v2\/comments?post=2208"}],"version-history":[{"count":1,"href":"https:\/\/ellithomes.com\/ca\/wp-json\/wp\/v2\/pages\/2208\/revisions"}],"predecessor-version":[{"id":2275,"href":"https:\/\/ellithomes.com\/ca\/wp-json\/wp\/v2\/pages\/2208\/revisions\/2275"}],"wp:attachment":[{"href":"https:\/\/ellithomes.com\/ca\/wp-json\/wp\/v2\/media?parent=2208"}],"curies":[{"name":"wp","href":"https:\/\/api.w.org\/{rel}","templated":true}]}}