{"id":2211,"date":"2023-12-20T08:51:54","date_gmt":"2023-12-20T08:51:54","guid":{"rendered":"https:\/\/ellithomes.com\/politica-de-privacidad\/"},"modified":"2024-01-31T11:36:27","modified_gmt":"2024-01-31T11:36:27","slug":"politica-de-privadesa","status":"publish","type":"page","link":"https:\/\/ellithomes.com\/ca\/politica-de-privadesa\/","title":{"rendered":"Pol\u00edtica de Privadesa"},"content":{"rendered":"\t\t<div data-elementor-type=\"wp-page\" data-elementor-id=\"2211\" class=\"elementor elementor-2211 elementor-934\" data-elementor-post-type=\"page\">\n\t\t\t\t\t\t\t<div class=\"elementor-element elementor-element-54d18c2 e-flex e-con-boxed e-con e-parent\" data-id=\"54d18c2\" data-element_type=\"container\" data-settings=\"{&quot;background_background&quot;:&quot;classic&quot;,&quot;content_width&quot;:&quot;boxed&quot;}\" data-core-v316-plus=\"true\">\n\t\t\t\t\t<div class=\"e-con-inner\">\n\t\t\t\t<div class=\"elementor-element elementor-element-a088968 elementor-widget elementor-widget-heading\" data-id=\"a088968\" data-element_type=\"widget\" data-widget_type=\"heading.default\">\n\t\t\t\t<div class=\"elementor-widget-container\">\n\t\t\t<style>\/*! elementor - v3.18.0 - 20-12-2023 *\/\n.elementor-heading-title{padding:0;margin:0;line-height:1}.elementor-widget-heading .elementor-heading-title[class*=elementor-size-]>a{color:inherit;font-size:inherit;line-height:inherit}.elementor-widget-heading .elementor-heading-title.elementor-size-small{font-size:15px}.elementor-widget-heading .elementor-heading-title.elementor-size-medium{font-size:19px}.elementor-widget-heading .elementor-heading-title.elementor-size-large{font-size:29px}.elementor-widget-heading .elementor-heading-title.elementor-size-xl{font-size:39px}.elementor-widget-heading .elementor-heading-title.elementor-size-xxl{font-size:59px}<\/style><h1 class=\"elementor-heading-title elementor-size-default\">Pol\u00edtica de Privadesa<\/h1>\t\t<\/div>\n\t\t\t\t<\/div>\n\t\t\t\t\t<\/div>\n\t\t\t\t<\/div>\n\t\t<div class=\"elementor-element elementor-element-d0fb859 e-flex e-con-boxed e-con e-parent\" data-id=\"d0fb859\" data-element_type=\"container\" data-settings=\"{&quot;content_width&quot;:&quot;boxed&quot;}\" data-core-v316-plus=\"true\">\n\t\t\t\t\t<div class=\"e-con-inner\">\n\t\t\t\t<div class=\"elementor-element elementor-element-e5460f5 elementor-widget elementor-widget-text-editor\" data-id=\"e5460f5\" data-element_type=\"widget\" data-widget_type=\"text-editor.default\">\n\t\t\t\t<div class=\"elementor-widget-container\">\n\t\t\t<style>\/*! elementor - v3.18.0 - 20-12-2023 *\/\n.elementor-widget-text-editor.elementor-drop-cap-view-stacked .elementor-drop-cap{background-color:#69727d;color:#fff}.elementor-widget-text-editor.elementor-drop-cap-view-framed .elementor-drop-cap{color:#69727d;border:3px solid;background-color:transparent}.elementor-widget-text-editor:not(.elementor-drop-cap-view-default) .elementor-drop-cap{margin-top:8px}.elementor-widget-text-editor:not(.elementor-drop-cap-view-default) .elementor-drop-cap-letter{width:1em;height:1em}.elementor-widget-text-editor .elementor-drop-cap{float:left;text-align:center;line-height:1;font-size:50px}.elementor-widget-text-editor .elementor-drop-cap-letter{display:inline-block}<\/style>\t\t\t\t<p>Informaci\u00f3n general sobre EL-LIT HOMES <br><br>De acuerdo con el deber de informaci\u00f3n exigido en la Ley 34\/2002, de 11 de julio (LA LEY 1100\/2002), de Servicios de la Sociedad de la Informaci\u00f3n y Comercio Electr\u00f3nico, se detallan a continuaci\u00f3n los datos de informaci\u00f3n general del sitio web:&nbsp;<a href=\"https:\/\/ellithomes.com\/home\/\" target=\"_blank\">https:\/\/ellithomes.com\/home\/<\/a><br><br>El sitio web y su contenido son propiedad de Obres I Reformes Prokasa Catorze Empord\u00e0 S.L provista de CIF (Espa\u00f1a) B55112379. <br><br>Pueden ponerse en contacto con nosotros, llamando al tel\u00e9fono +34 666000139 o enviando un correo electr\u00f3nico a hola@ellithomes.com<br><br><b>T\u00e9rminos y condiciones de uso<br><\/b><br>El acceso y utilizaci\u00f3n de este sitio web atribuye al visitante la condici\u00f3n de usuario. Ello supone que el usuario acepta las condiciones de uso vigentes en cada momento y se compromete a hacer un uso adecuado de los contenidos del sitio web y a observar y cumplir rigurosamente cuanto se disponga en este aviso y en las normas que sean de aplicaci\u00f3n.<br><br>El sitio web requiere que el usuario registre datos personales o rellene formularios para obtener informaci\u00f3n. En este sentido, el usuario se compromete a suministrar informaci\u00f3n veraz sobre los datos de registro y declara, bajo su responsabilidad, ser mayor de edad y disponer de la capacidad suficiente para vincularse a las presentes condiciones.<br><br>El acceso al sitio web es libre y gratuito para el usuario en todas sus partes y el registro a trav\u00e9s de sus formularios no compromete al usuario a nada m\u00e1s que a recibir informaci\u00f3n comercial de las promociones de EL-LIT HOMES.<br><br><b>Pol\u00edtica de privacidad y protecci\u00f3n de datos<br><\/b><br>En cumplimiento de la normativa vigente en materia de protecci\u00f3n de datos, EL-LIT HOMES, como responsable del sitio web, informa a todos los usuarios que faciliten o vayan a facilitar sus datos personales, que estos ser\u00e1n objeto de tratamiento.<br><br>El titular del sitio web es EL-LIT HOMES, cuyos datos identificativos y registrales encabezan este aviso legal.<br><br>EL-LIT HOMES, a trav\u00e9s de los formularios que pone a disposici\u00f3n del usuario, puede recopilar la informaci\u00f3n personal que se detallar\u00e1 a continuaci\u00f3n con la finalidad de informarle de nuestras ofertas comerciales a sus peticiones para poder ofrecerle un servicio m\u00e1s personalizado y eficaz: nombre, correo electr\u00f3nico y n\u00famero de tel\u00e9fono.<br><br>El usuario proporciona la informaci\u00f3n solicitada voluntariamente. La negativa a suministrarla tiene, como \u00fanica consecuencia para el usuario, no recibir informaci\u00f3n relacionada con nuestra actividad promotora o patrimonial.<br><br>Al marcar la casilla correspondiente, el usuario acepta expresamente y de forma libre, que sus datos personales sean tratados por EL-LIT HOMES con los siguientes fines:<br><br>\u2022 Facilitar la informaci\u00f3n solicitada al usuario.<br>\u2022 Atender las consultas del usuario.<br>\u2022 Enviar al usuario comunicaciones comerciales.<\/p>\n<p>EL-LIT HOMES, en cuanto responsable del fichero y del tratamiento de los datos de car\u00e1cter personal, est\u00e1 obligada a guardar confidencialidad respecto de todos ellos, as\u00ed como a guardarlos durante el tiempo que sea estrictamente necesario, obligaciones que subsistir\u00e1n aun despu\u00e9s de finalizar las relaciones del usuario con EL-LIT HOMES.<br><br>EL-LIT HOMES garantiza en todo momento al usuario el ejercicio de sus derechos de acceso, rectificaci\u00f3n, limitaci\u00f3n, supresi\u00f3n, portabilidad y oposici\u00f3n sobre los datos personales facilitados, dirigi\u00e9ndose por escrito a EL-LIT HOMES, C\/Ample 1, 17230 Palam\u00f3s (Girona) o a trav\u00e9s de la direcci\u00f3n de correo electr\u00f3nico hola@ellithomes.com <br><br>En este sentido, a efectos de facilitar la informaci\u00f3n m\u00e1s relevante acerca del tratamiento de sus datos, simplificamos la informaci\u00f3n b\u00e1sica en el siguiente cuadro:<br><br><b>Informaci\u00f3n B\u00e1sica sobre Protecci\u00f3n de Datos<br><\/b><br>Responsable:<br>EL-LIT HOMES<br><br>Finalidad:<br>Facilitar la informaci\u00f3n solicitada al usuario, atender a sus consultas y enviarle comunicaciones comerciales.<br><br>Legitimaci\u00f3n:<br>Consentimiento expreso<br><br>Destinatarios:<br>No se ceder\u00e1n datos a terceros, salvo necesidad para la correcta gesti\u00f3n del servicio u obligaci\u00f3n legal.<br><br>Derechos:<br>Acceder, rectificar y suprimir los datos, as\u00ed como otros derechos, como se explica en la informaci\u00f3n adicional.<br><br>Informaci\u00f3n Adicional:<br>Puede consultar la informaci\u00f3n adicional y detallada sobre Protecci\u00f3n de Datos contactado con EL-LIT HOMES mediante la direcci\u00f3n de correo electr\u00f3nico: hola@ellithomes.com<br><br><b>Pol\u00edtica de enlaces<br><br><\/b>El sitio web puede contener enlaces a otros sitios web con pol\u00edticas de privacidad diferentes a la de \u00e9ste. EL-LIT HOMES no se hace responsable del contenido o pr\u00e1cticas de los sitios enlazados y se recomienda al usuario la lectura detallada de la pol\u00edtica de privacidad de cualquier sitio web al que acceda desde \u00e9ste.<br><br><b>Propiedad intelectual e industrial<br><\/b><br>Este sitio web es propiedad de EL-LIT HOMES Los derechos de propiedad intelectual e industrial, derechos de explotaci\u00f3n y reproducci\u00f3n de este sitio web (p\u00e1ginas, pantallas, informaci\u00f3n, apariencia, estructura y dise\u00f1o, c\u00f3digo fuente, archivos de audio y software, as\u00ed como los v\u00ednculos) que se establezcan desde ella a otras p\u00e1ginas web de cualquier sociedad perteneciente al grupo son propiedad, han sido cedidos o son objeto de licencia, a favor de EL-LIT HOMES salvo que se especifique otra cosa.<br><br>La denominaci\u00f3n, el dise\u00f1o y los logotipos que componen este sitio web son marcas debidamente registradas. Su uso indebido podr\u00e1 ser perseguido de conformidad con la legislaci\u00f3n vigente.<br>Los derechos de propiedad intelectual y marcas de terceros est\u00e1n destacados y el usuario debe respetarlos, en cualquier caso.<br><br>Queda prohibido reproducir, comunicar p\u00fablicamente, distribuir, ceder o transmitir, modificar o suprimir la informaci\u00f3n, contenido u advertencias del sitio web, salvo autorizaci\u00f3n previa, expresa y escrita de EL-LIT HOMES.<br><\/p>\t\t\t\t\t\t<\/div>\n\t\t\t\t<\/div>\n\t\t\t\t\t<\/div>\n\t\t\t\t<\/div>\n\t\t\t\t\t\t\t<\/div>\n\t\t","protected":false},"excerpt":{"rendered":"<p>Informaci\u00f3n general sobre EL-LIT HOMES De acuerdo con el deber de informaci\u00f3n exigido en la Ley 34\/2002, de 11 de julio (LA LEY 1100\/2002), de Servicios de la Sociedad de la Informaci\u00f3n y Comercio Electr\u00f3nico, se detallan a continuaci\u00f3n los datos de informaci\u00f3n general del sitio web:&nbsp;https:\/\/ellithomes.com\/home\/ El sitio web y su contenido son propiedad [&hellip;]<\/p>\n","protected":false},"author":2,"featured_media":0,"parent":0,"menu_order":0,"comment_status":"closed","ping_status":"closed","template":"","meta":{"footnotes":""},"acf":[],"yoast_head":"<!-- This site is optimized with the Yoast SEO plugin v21.9.1 - https:\/\/yoast.com\/wordpress\/plugins\/seo\/ -->\n<title>Pol\u00edtica de Privadesa - el\u00b7lit Homes<\/title>\n<meta name=\"robots\" content=\"index, follow, max-snippet:-1, max-image-preview:large, max-video-preview:-1\" \/>\n<link rel=\"canonical\" href=\"https:\/\/ellithomes.com\/ca\/politica-de-privadesa\/\" \/>\n<meta property=\"og:locale\" content=\"ca_ES\" \/>\n<meta property=\"og:type\" content=\"article\" \/>\n<meta property=\"og:title\" content=\"Pol\u00edtica de Privadesa - el\u00b7lit Homes\" \/>\n<meta property=\"og:description\" content=\"Informaci\u00f3n general sobre EL-LIT HOMES De acuerdo con el deber de informaci\u00f3n exigido en la Ley 34\/2002, de 11 de julio (LA LEY 1100\/2002), de Servicios de la Sociedad de la Informaci\u00f3n y Comercio Electr\u00f3nico, se detallan a continuaci\u00f3n los datos de informaci\u00f3n general del sitio web:&nbsp;https:\/\/ellithomes.com\/home\/ El sitio web y su contenido son propiedad [&hellip;]\" \/>\n<meta property=\"og:url\" content=\"https:\/\/ellithomes.com\/ca\/politica-de-privadesa\/\" \/>\n<meta property=\"og:site_name\" content=\"el\u00b7lit Homes\" \/>\n<meta property=\"article:modified_time\" content=\"2024-01-31T11:36:27+00:00\" \/>\n<meta name=\"twitter:card\" content=\"summary_large_image\" \/>\n<meta name=\"twitter:label1\" content=\"Temps estimat de lectura\" \/>\n\t<meta name=\"twitter:data1\" content=\"5 minuts\" \/>\n<script type=\"application\/ld+json\" class=\"yoast-schema-graph\">{\"@context\":\"https:\/\/schema.org\",\"@graph\":[{\"@type\":\"WebPage\",\"@id\":\"https:\/\/ellithomes.com\/ca\/politica-de-privadesa\/\",\"url\":\"https:\/\/ellithomes.com\/ca\/politica-de-privadesa\/\",\"name\":\"Pol\u00edtica de Privadesa - el\u00b7lit Homes\",\"isPartOf\":{\"@id\":\"https:\/\/ellithomes.com\/ca\/#website\"},\"datePublished\":\"2023-12-20T08:51:54+00:00\",\"dateModified\":\"2024-01-31T11:36:27+00:00\",\"breadcrumb\":{\"@id\":\"https:\/\/ellithomes.com\/ca\/politica-de-privadesa\/#breadcrumb\"},\"inLanguage\":\"ca\",\"potentialAction\":[{\"@type\":\"ReadAction\",\"target\":[\"https:\/\/ellithomes.com\/ca\/politica-de-privadesa\/\"]}]},{\"@type\":\"BreadcrumbList\",\"@id\":\"https:\/\/ellithomes.com\/ca\/politica-de-privadesa\/#breadcrumb\",\"itemListElement\":[{\"@type\":\"ListItem\",\"position\":1,\"name\":\"Home\",\"item\":\"https:\/\/ellithomes.com\/ca\/home\/\"},{\"@type\":\"ListItem\",\"position\":2,\"name\":\"Pol\u00edtica de Privadesa\"}]},{\"@type\":\"WebSite\",\"@id\":\"https:\/\/ellithomes.com\/ca\/#website\",\"url\":\"https:\/\/ellithomes.com\/ca\/\",\"name\":\"el\u00b7lit Homes\",\"description\":\"Viviendas de Obra Nueva en Palam\u00f3s\",\"publisher\":{\"@id\":\"https:\/\/ellithomes.com\/ca\/#organization\"},\"potentialAction\":[{\"@type\":\"SearchAction\",\"target\":{\"@type\":\"EntryPoint\",\"urlTemplate\":\"https:\/\/ellithomes.com\/ca\/?s={search_term_string}\"},\"query-input\":\"required name=search_term_string\"}],\"inLanguage\":\"ca\"},{\"@type\":\"Organization\",\"@id\":\"https:\/\/ellithomes.com\/ca\/#organization\",\"name\":\"el\u00b7lit Homes\",\"url\":\"https:\/\/ellithomes.com\/ca\/\",\"logo\":{\"@type\":\"ImageObject\",\"inLanguage\":\"ca\",\"@id\":\"https:\/\/ellithomes.com\/ca\/#\/schema\/logo\/image\/\",\"url\":\"https:\/\/ellithomes.com\/wp-content\/uploads\/2023\/06\/logo.svg\",\"contentUrl\":\"https:\/\/ellithomes.com\/wp-content\/uploads\/2023\/06\/logo.svg\",\"width\":394,\"height\":283,\"caption\":\"el\u00b7lit Homes\"},\"image\":{\"@id\":\"https:\/\/ellithomes.com\/ca\/#\/schema\/logo\/image\/\"}}]}<\/script>\n<!-- \/ Yoast SEO plugin. -->","yoast_head_json":{"title":"Pol\u00edtica de Privadesa - el\u00b7lit Homes","robots":{"index":"index","follow":"follow","max-snippet":"max-snippet:-1","max-image-preview":"max-image-preview:large","max-video-preview":"max-video-preview:-1"},"canonical":"https:\/\/ellithomes.com\/ca\/politica-de-privadesa\/","og_locale":"ca_ES","og_type":"article","og_title":"Pol\u00edtica de Privadesa - el\u00b7lit Homes","og_description":"Informaci\u00f3n general sobre EL-LIT HOMES De acuerdo con el deber de informaci\u00f3n exigido en la Ley 34\/2002, de 11 de julio (LA LEY 1100\/2002), de Servicios de la Sociedad de la Informaci\u00f3n y Comercio Electr\u00f3nico, se detallan a continuaci\u00f3n los datos de informaci\u00f3n general del sitio web:&nbsp;https:\/\/ellithomes.com\/home\/ El sitio web y su contenido son propiedad [&hellip;]","og_url":"https:\/\/ellithomes.com\/ca\/politica-de-privadesa\/","og_site_name":"el\u00b7lit Homes","article_modified_time":"2024-01-31T11:36:27+00:00","twitter_card":"summary_large_image","twitter_misc":{"Temps estimat de lectura":"5 minuts"},"schema":{"@context":"https:\/\/schema.org","@graph":[{"@type":"WebPage","@id":"https:\/\/ellithomes.com\/ca\/politica-de-privadesa\/","url":"https:\/\/ellithomes.com\/ca\/politica-de-privadesa\/","name":"Pol\u00edtica de Privadesa - el\u00b7lit Homes","isPartOf":{"@id":"https:\/\/ellithomes.com\/ca\/#website"},"datePublished":"2023-12-20T08:51:54+00:00","dateModified":"2024-01-31T11:36:27+00:00","breadcrumb":{"@id":"https:\/\/ellithomes.com\/ca\/politica-de-privadesa\/#breadcrumb"},"inLanguage":"ca","potentialAction":[{"@type":"ReadAction","target":["https:\/\/ellithomes.com\/ca\/politica-de-privadesa\/"]}]},{"@type":"BreadcrumbList","@id":"https:\/\/ellithomes.com\/ca\/politica-de-privadesa\/#breadcrumb","itemListElement":[{"@type":"ListItem","position":1,"name":"Home","item":"https:\/\/ellithomes.com\/ca\/home\/"},{"@type":"ListItem","position":2,"name":"Pol\u00edtica de Privadesa"}]},{"@type":"WebSite","@id":"https:\/\/ellithomes.com\/ca\/#website","url":"https:\/\/ellithomes.com\/ca\/","name":"el\u00b7lit Homes","description":"Viviendas de Obra Nueva en Palam\u00f3s","publisher":{"@id":"https:\/\/ellithomes.com\/ca\/#organization"},"potentialAction":[{"@type":"SearchAction","target":{"@type":"EntryPoint","urlTemplate":"https:\/\/ellithomes.com\/ca\/?s={search_term_string}"},"query-input":"required name=search_term_string"}],"inLanguage":"ca"},{"@type":"Organization","@id":"https:\/\/ellithomes.com\/ca\/#organization","name":"el\u00b7lit Homes","url":"https:\/\/ellithomes.com\/ca\/","logo":{"@type":"ImageObject","inLanguage":"ca","@id":"https:\/\/ellithomes.com\/ca\/#\/schema\/logo\/image\/","url":"https:\/\/ellithomes.com\/wp-content\/uploads\/2023\/06\/logo.svg","contentUrl":"https:\/\/ellithomes.com\/wp-content\/uploads\/2023\/06\/logo.svg","width":394,"height":283,"caption":"el\u00b7lit Homes"},"image":{"@id":"https:\/\/ellithomes.com\/ca\/#\/schema\/logo\/image\/"}}]}},"_links":{"self":[{"href":"https:\/\/ellithomes.com\/ca\/wp-json\/wp\/v2\/pages\/2211"}],"collection":[{"href":"https:\/\/ellithomes.com\/ca\/wp-json\/wp\/v2\/pages"}],"about":[{"href":"https:\/\/ellithomes.com\/ca\/wp-json\/wp\/v2\/types\/page"}],"author":[{"embeddable":true,"href":"https:\/\/ellithomes.com\/ca\/wp-json\/wp\/v2\/users\/2"}],"replies":[{"embeddable":true,"href":"https:\/\/ellithomes.com\/ca\/wp-json\/wp\/v2\/comments?post=2211"}],"version-history":[{"count":1,"href":"https:\/\/ellithomes.com\/ca\/wp-json\/wp\/v2\/pages\/2211\/revisions"}],"predecessor-version":[{"id":2274,"href":"https:\/\/ellithomes.com\/ca\/wp-json\/wp\/v2\/pages\/2211\/revisions\/2274"}],"wp:attachment":[{"href":"https:\/\/ellithomes.com\/ca\/wp-json\/wp\/v2\/media?parent=2211"}],"curies":[{"name":"wp","href":"https:\/\/api.w.org\/{rel}","templated":true}]}}