{"id":2207,"date":"2023-12-20T08:54:58","date_gmt":"2023-12-20T08:54:58","guid":{"rendered":"https:\/\/ellithomes.com\/aviso-legal\/"},"modified":"2024-01-31T11:38:11","modified_gmt":"2024-01-31T11:38:11","slug":"avis-juridique","status":"publish","type":"page","link":"https:\/\/ellithomes.com\/fr\/avis-juridique\/","title":{"rendered":"Avis juridique"},"content":{"rendered":"\t\t<div data-elementor-type=\"wp-page\" data-elementor-id=\"2207\" class=\"elementor elementor-2207 elementor-939\" data-elementor-post-type=\"page\">\n\t\t\t\t\t\t\t<div class=\"elementor-element elementor-element-54d18c2 e-flex e-con-boxed e-con e-parent\" data-id=\"54d18c2\" data-element_type=\"container\" data-settings=\"{&quot;background_background&quot;:&quot;classic&quot;,&quot;content_width&quot;:&quot;boxed&quot;}\" data-core-v316-plus=\"true\">\n\t\t\t\t\t<div class=\"e-con-inner\">\n\t\t\t\t<div class=\"elementor-element elementor-element-a088968 elementor-widget elementor-widget-heading\" data-id=\"a088968\" data-element_type=\"widget\" data-widget_type=\"heading.default\">\n\t\t\t\t<div class=\"elementor-widget-container\">\n\t\t\t<style>\/*! elementor - v3.18.0 - 20-12-2023 *\/\n.elementor-heading-title{padding:0;margin:0;line-height:1}.elementor-widget-heading .elementor-heading-title[class*=elementor-size-]>a{color:inherit;font-size:inherit;line-height:inherit}.elementor-widget-heading .elementor-heading-title.elementor-size-small{font-size:15px}.elementor-widget-heading .elementor-heading-title.elementor-size-medium{font-size:19px}.elementor-widget-heading .elementor-heading-title.elementor-size-large{font-size:29px}.elementor-widget-heading .elementor-heading-title.elementor-size-xl{font-size:39px}.elementor-widget-heading .elementor-heading-title.elementor-size-xxl{font-size:59px}<\/style><h1 class=\"elementor-heading-title elementor-size-default\">Avis juridique<\/h1>\t\t<\/div>\n\t\t\t\t<\/div>\n\t\t\t\t\t<\/div>\n\t\t\t\t<\/div>\n\t\t<div class=\"elementor-element elementor-element-d0fb859 e-flex e-con-boxed e-con e-parent\" data-id=\"d0fb859\" data-element_type=\"container\" data-settings=\"{&quot;content_width&quot;:&quot;boxed&quot;}\" data-core-v316-plus=\"true\">\n\t\t\t\t\t<div class=\"e-con-inner\">\n\t\t\t\t<div class=\"elementor-element elementor-element-e5460f5 elementor-widget elementor-widget-text-editor\" data-id=\"e5460f5\" data-element_type=\"widget\" data-widget_type=\"text-editor.default\">\n\t\t\t\t<div class=\"elementor-widget-container\">\n\t\t\t<style>\/*! elementor - v3.18.0 - 20-12-2023 *\/\n.elementor-widget-text-editor.elementor-drop-cap-view-stacked .elementor-drop-cap{background-color:#69727d;color:#fff}.elementor-widget-text-editor.elementor-drop-cap-view-framed .elementor-drop-cap{color:#69727d;border:3px solid;background-color:transparent}.elementor-widget-text-editor:not(.elementor-drop-cap-view-default) .elementor-drop-cap{margin-top:8px}.elementor-widget-text-editor:not(.elementor-drop-cap-view-default) .elementor-drop-cap-letter{width:1em;height:1em}.elementor-widget-text-editor .elementor-drop-cap{float:left;text-align:center;line-height:1;font-size:50px}.elementor-widget-text-editor .elementor-drop-cap-letter{display:inline-block}<\/style>\t\t\t\t<p>El presente Aviso Legal regula el uso de la p\u00e1gina\u00a0<a href=\"https:\/\/ellithomes.com\/home\/\" target=\"_blank\" rel=\"noopener\">https:\/\/ellithomes.com\/home\/<\/a>, en adelante el sitio web EL-LIT HOMES, propiedad de Obres I Reformes Prokasa Catorze Empord\u00e0 S.L. con n\u00famero de CIF B-64509433 y domicilio en C\/Josep Casanovas, 14, 17230, Palam\u00f3s-Girona.<\/p><p><b>1. USO DEL SITIO WEB<\/b><\/p><p>El usuario se obliga a no utilizar el sitio web para la realizaci\u00f3n de actividades contrarias a las leyes, a la moral, al orden p\u00fablico y, en general, a hacer un uso conforme a las condiciones establecidas en el presente Aviso Legal.<br \/><br \/>EL-LIT HOMES act\u00faa exclusivamente como responsable del sitio web en su condici\u00f3n de prestador de un servicio de informaci\u00f3n sobre sus propios servicios, no haci\u00e9ndose responsable de los contenidos que, en contravenci\u00f3n al presente aviso, los usuarios pudieran enviar o publicar, siendo el usuario el \u00fanico responsable de la veracidad y licitud de los mismos.<br \/><br \/>EL-LIT HOMES podr\u00e1 interrumpir el servicio del sitio web que est\u00e9 siendo utilizado por el usuario y resolver de modo inmediato la relaci\u00f3n con el usuario si detecta un uso de la P\u00e1gina o de cualquiera de los servicios que en el mismo se ofertan que pueda considerar contrario a lo expresado en el presente Aviso Legal.<\/p><p><b>2. PROPIEDAD INTELECTUAL E INDUSTRIAL<br \/><\/b><br \/>La totalidad de este sitio web: texto, im\u00e1genes, marcas, gr\u00e1ficos, logotipos, botones, archivos de software, combinaciones de colores, as\u00ed como la estructura, selecci\u00f3n, ordenaci\u00f3n y presentaci\u00f3n de sus contenidos, se encuentra protegida por las leyes sobre Propiedad Intelectual e Industrial, quedando prohibida su reproducci\u00f3n, distribuci\u00f3n, comunicaci\u00f3n p\u00fablica y transformaci\u00f3n, salvo para uso personal y privado.<br \/><br \/><b>EL-LIT HOMES<\/b> no garantiza que los contenidos sean precisos o libres de error o que el libre uso de los mismos por el usuario, no infrinja los derechos de terceras partes. El buen o mal uso de esta web y de sus contenidos est\u00e1 bajo la responsabilidad del usuario.<br \/><br \/>Asimismo, queda prohibida la reproducci\u00f3n, retransmisi\u00f3n, copia, cesi\u00f3n o redifusi\u00f3n, total o parcial, de la informaci\u00f3n contenida en el sitio web, cualquiera que fuera su finalidad y el medio utilizado para ello, sin autorizaci\u00f3n previa de <b>EL-LIT HOMES<\/b>.<\/p><p><b>3. ENLACES O LINKS<br \/><\/b><br \/>El sitio web puede incluir enlaces o links a sitios de terceros. Las p\u00e1ginas pertenecientes a terceros no han sido revisadas ni son objeto de controles por parte de EL-LIT HOMES, que no podr\u00e1 ser considerada responsable de los contenidos de estos sitios web ni de las medidas que se adopten relativas a su privacidad o al tratamiento de sus datos de car\u00e1cter personal.<br \/><br \/>EL-LIT HOMES recomienda la lectura detenida de las condiciones de uso y la pol\u00edtica de privacidad de estos sitios.<br \/><br \/>En caso de estar interesado en activar un enlace a alguna de las p\u00e1ginas de EL-LIT HOMES deber\u00e1 comunicarlo, obteniendo el consentimiento expreso para crear el enlace. EL-LIT HOMES se reserva el derecho de oposici\u00f3n a la activaci\u00f3n de enlaces con su sitio web.<\/p><p><b>4. MENORES DE EDAD<br \/><br \/><\/b>EL-LIT HOMES recuerda a los usuarios mayores de edad, que tengan a su cargo menores, que ser\u00e1 de su exclusiva responsabilidad determinar qu\u00e9 servicios y\/o contenidos son no apropiados para la edad de estos \u00faltimos.<br \/><br \/>EL-LIT HOMES les informa que existen programas inform\u00e1ticos que permiten filtrar y bloquear el acceso a determinados contenidos y servicios, de tal forma que se pueda decidir cu\u00e1les son los contenidos y servicios de Internet a los que los menores pueden tener acceso y a cu\u00e1les no.<\/p><p><b>5. RESPONSABILIDADES<br \/><br \/><\/b>EL-LIT HOMES no ser\u00e1 responsable directa ni subsidiariamente de:<\/p><ul><li>La calidad del servicio, la velocidad de acceso, el correcto funcionamiento ni la disponibilidad ni continuidad de funcionamiento del sitio web.<\/li><li>Los da\u00f1os que puedan causarse en los equipos del usuario por la utilizaci\u00f3n del sitio web.<\/li><li>Los casos en que un tercero, quebrantando las medidas de seguridad establecidas, acceda a los mensajes o los utilice para la remisi\u00f3n de virus inform\u00e1ticos.<\/li><li>Los vicios y defectos de toda clase de los contenidos transmitidos, difundidos, almacenados o puestos a disposici\u00f3n.<\/li><li>La licitud, fiabilidad y utilidad de los contenidos que los usuarios transmitan con la utilizaci\u00f3n de la p\u00e1gina o de los servicios en \u00e9l ofertados, as\u00ed como tampoco su veracidad o exactitud. EL-LIT HOMES no controla la utilizaci\u00f3n que los usuarios hacen del sitio web, ni garantiza que lo hagan conforme a lo establecido en el presente Aviso Legal.<\/li><li>A t\u00edtulo enunciativo y con car\u00e1cter no limitativo, el usuario ser\u00e1 responsable de:<\/li><li>De los contenidos introducidos por ellos, especialmente de los datos e informaciones introducidos y enviados a EL-LIT HOMES por medio del sitio web.<\/li><li>De la realizaci\u00f3n de cualquier tipo de actuaci\u00f3n il\u00edcita, lesiva de derechos, nociva y\/o perjudicial.<\/li><li>De la facilitaci\u00f3n de datos no veraces o incorrectos.<br \/><br \/><\/li><\/ul><p><b>6. FUERO<\/b><\/p><p><span style=\"text-align: var(--text-align); font-family: -apple-system, BlinkMacSystemFont, 'Segoe UI', Roboto, 'Helvetica Neue', Arial, 'Noto Sans', sans-serif, 'Apple Color Emoji', 'Segoe UI Emoji', 'Segoe UI Symbol', 'Noto Color Emoji'; font-size: 1rem;\">El presente Aviso Legal se encuentra redactado en castellano y sometido a la legislaci\u00f3n espa\u00f1ola vigente. Para cualquier tipo de controversia derivada de la utilizaci\u00f3n de los servicios ofrecidos o de los contenidos propios del sitio web, las partes, con la aceptaci\u00f3n del clausulado establecido en el presente Aviso Legal, se someter\u00e1n a los Tribunales y Juzgados competentes de Palam\u00f3s-Girona.<\/span><\/p>\t\t\t\t\t\t<\/div>\n\t\t\t\t<\/div>\n\t\t\t\t\t<\/div>\n\t\t\t\t<\/div>\n\t\t\t\t\t\t\t<\/div>\n\t\t","protected":false},"excerpt":{"rendered":"<p>El presente Aviso Legal regula el uso de la p\u00e1gina\u00a0https:\/\/ellithomes.com\/home\/, en adelante el sitio web EL-LIT HOMES, propiedad de Obres I Reformes Prokasa Catorze Empord\u00e0 S.L. con n\u00famero de CIF B-64509433 y domicilio en C\/Josep Casanovas, 14, 17230, Palam\u00f3s-Girona. 1. USO DEL SITIO WEB El usuario se obliga a no utilizar el sitio web para [&hellip;]<\/p>\n","protected":false},"author":2,"featured_media":0,"parent":0,"menu_order":0,"comment_status":"closed","ping_status":"closed","template":"","meta":{"footnotes":""},"acf":[],"yoast_head":"<!-- This site is optimized with the Yoast SEO plugin v21.9.1 - https:\/\/yoast.com\/wordpress\/plugins\/seo\/ -->\n<title>Avis juridique - el\u00b7lit Homes<\/title>\n<meta name=\"robots\" content=\"index, follow, max-snippet:-1, max-image-preview:large, max-video-preview:-1\" \/>\n<link rel=\"canonical\" href=\"https:\/\/ellithomes.com\/fr\/avis-juridique\/\" \/>\n<meta property=\"og:locale\" content=\"fr_FR\" \/>\n<meta property=\"og:type\" content=\"article\" \/>\n<meta property=\"og:title\" content=\"Avis juridique - el\u00b7lit Homes\" \/>\n<meta property=\"og:description\" content=\"El presente Aviso Legal regula el uso de la p\u00e1gina\u00a0https:\/\/ellithomes.com\/home\/, en adelante el sitio web EL-LIT HOMES, propiedad de Obres I Reformes Prokasa Catorze Empord\u00e0 S.L. con n\u00famero de CIF B-64509433 y domicilio en C\/Josep Casanovas, 14, 17230, Palam\u00f3s-Girona. 1. USO DEL SITIO WEB El usuario se obliga a no utilizar el sitio web para [&hellip;]\" \/>\n<meta property=\"og:url\" content=\"https:\/\/ellithomes.com\/fr\/avis-juridique\/\" \/>\n<meta property=\"og:site_name\" content=\"el\u00b7lit Homes\" \/>\n<meta property=\"article:modified_time\" content=\"2024-01-31T11:38:11+00:00\" \/>\n<meta name=\"twitter:card\" content=\"summary_large_image\" \/>\n<meta name=\"twitter:label1\" content=\"Dur\u00e9e de lecture estim\u00e9e\" \/>\n\t<meta name=\"twitter:data1\" content=\"4 minutes\" \/>\n<script type=\"application\/ld+json\" class=\"yoast-schema-graph\">{\"@context\":\"https:\/\/schema.org\",\"@graph\":[{\"@type\":\"WebPage\",\"@id\":\"https:\/\/ellithomes.com\/fr\/avis-juridique\/\",\"url\":\"https:\/\/ellithomes.com\/fr\/avis-juridique\/\",\"name\":\"Avis juridique - el\u00b7lit Homes\",\"isPartOf\":{\"@id\":\"https:\/\/ellithomes.com\/fr\/#website\"},\"datePublished\":\"2023-12-20T08:54:58+00:00\",\"dateModified\":\"2024-01-31T11:38:11+00:00\",\"breadcrumb\":{\"@id\":\"https:\/\/ellithomes.com\/fr\/avis-juridique\/#breadcrumb\"},\"inLanguage\":\"fr-FR\",\"potentialAction\":[{\"@type\":\"ReadAction\",\"target\":[\"https:\/\/ellithomes.com\/fr\/avis-juridique\/\"]}]},{\"@type\":\"BreadcrumbList\",\"@id\":\"https:\/\/ellithomes.com\/fr\/avis-juridique\/#breadcrumb\",\"itemListElement\":[{\"@type\":\"ListItem\",\"position\":1,\"name\":\"Home\",\"item\":\"https:\/\/ellithomes.com\/fr\/home\/\"},{\"@type\":\"ListItem\",\"position\":2,\"name\":\"Avis juridique\"}]},{\"@type\":\"WebSite\",\"@id\":\"https:\/\/ellithomes.com\/fr\/#website\",\"url\":\"https:\/\/ellithomes.com\/fr\/\",\"name\":\"el\u00b7lit Homes\",\"description\":\"Viviendas de Obra Nueva en Palam\u00f3s\",\"publisher\":{\"@id\":\"https:\/\/ellithomes.com\/fr\/#organization\"},\"potentialAction\":[{\"@type\":\"SearchAction\",\"target\":{\"@type\":\"EntryPoint\",\"urlTemplate\":\"https:\/\/ellithomes.com\/fr\/?s={search_term_string}\"},\"query-input\":\"required name=search_term_string\"}],\"inLanguage\":\"fr-FR\"},{\"@type\":\"Organization\",\"@id\":\"https:\/\/ellithomes.com\/fr\/#organization\",\"name\":\"el\u00b7lit Homes\",\"url\":\"https:\/\/ellithomes.com\/fr\/\",\"logo\":{\"@type\":\"ImageObject\",\"inLanguage\":\"fr-FR\",\"@id\":\"https:\/\/ellithomes.com\/fr\/#\/schema\/logo\/image\/\",\"url\":\"https:\/\/ellithomes.com\/wp-content\/uploads\/2023\/06\/logo.svg\",\"contentUrl\":\"https:\/\/ellithomes.com\/wp-content\/uploads\/2023\/06\/logo.svg\",\"width\":394,\"height\":283,\"caption\":\"el\u00b7lit Homes\"},\"image\":{\"@id\":\"https:\/\/ellithomes.com\/fr\/#\/schema\/logo\/image\/\"}}]}<\/script>\n<!-- \/ Yoast SEO plugin. -->","yoast_head_json":{"title":"Avis juridique - el\u00b7lit Homes","robots":{"index":"index","follow":"follow","max-snippet":"max-snippet:-1","max-image-preview":"max-image-preview:large","max-video-preview":"max-video-preview:-1"},"canonical":"https:\/\/ellithomes.com\/fr\/avis-juridique\/","og_locale":"fr_FR","og_type":"article","og_title":"Avis juridique - el\u00b7lit Homes","og_description":"El presente Aviso Legal regula el uso de la p\u00e1gina\u00a0https:\/\/ellithomes.com\/home\/, en adelante el sitio web EL-LIT HOMES, propiedad de Obres I Reformes Prokasa Catorze Empord\u00e0 S.L. con n\u00famero de CIF B-64509433 y domicilio en C\/Josep Casanovas, 14, 17230, Palam\u00f3s-Girona. 1. USO DEL SITIO WEB El usuario se obliga a no utilizar el sitio web para [&hellip;]","og_url":"https:\/\/ellithomes.com\/fr\/avis-juridique\/","og_site_name":"el\u00b7lit Homes","article_modified_time":"2024-01-31T11:38:11+00:00","twitter_card":"summary_large_image","twitter_misc":{"Dur\u00e9e de lecture estim\u00e9e":"4 minutes"},"schema":{"@context":"https:\/\/schema.org","@graph":[{"@type":"WebPage","@id":"https:\/\/ellithomes.com\/fr\/avis-juridique\/","url":"https:\/\/ellithomes.com\/fr\/avis-juridique\/","name":"Avis juridique - el\u00b7lit Homes","isPartOf":{"@id":"https:\/\/ellithomes.com\/fr\/#website"},"datePublished":"2023-12-20T08:54:58+00:00","dateModified":"2024-01-31T11:38:11+00:00","breadcrumb":{"@id":"https:\/\/ellithomes.com\/fr\/avis-juridique\/#breadcrumb"},"inLanguage":"fr-FR","potentialAction":[{"@type":"ReadAction","target":["https:\/\/ellithomes.com\/fr\/avis-juridique\/"]}]},{"@type":"BreadcrumbList","@id":"https:\/\/ellithomes.com\/fr\/avis-juridique\/#breadcrumb","itemListElement":[{"@type":"ListItem","position":1,"name":"Home","item":"https:\/\/ellithomes.com\/fr\/home\/"},{"@type":"ListItem","position":2,"name":"Avis juridique"}]},{"@type":"WebSite","@id":"https:\/\/ellithomes.com\/fr\/#website","url":"https:\/\/ellithomes.com\/fr\/","name":"el\u00b7lit Homes","description":"Viviendas de Obra Nueva en Palam\u00f3s","publisher":{"@id":"https:\/\/ellithomes.com\/fr\/#organization"},"potentialAction":[{"@type":"SearchAction","target":{"@type":"EntryPoint","urlTemplate":"https:\/\/ellithomes.com\/fr\/?s={search_term_string}"},"query-input":"required name=search_term_string"}],"inLanguage":"fr-FR"},{"@type":"Organization","@id":"https:\/\/ellithomes.com\/fr\/#organization","name":"el\u00b7lit Homes","url":"https:\/\/ellithomes.com\/fr\/","logo":{"@type":"ImageObject","inLanguage":"fr-FR","@id":"https:\/\/ellithomes.com\/fr\/#\/schema\/logo\/image\/","url":"https:\/\/ellithomes.com\/wp-content\/uploads\/2023\/06\/logo.svg","contentUrl":"https:\/\/ellithomes.com\/wp-content\/uploads\/2023\/06\/logo.svg","width":394,"height":283,"caption":"el\u00b7lit Homes"},"image":{"@id":"https:\/\/ellithomes.com\/fr\/#\/schema\/logo\/image\/"}}]}},"_links":{"self":[{"href":"https:\/\/ellithomes.com\/fr\/wp-json\/wp\/v2\/pages\/2207"}],"collection":[{"href":"https:\/\/ellithomes.com\/fr\/wp-json\/wp\/v2\/pages"}],"about":[{"href":"https:\/\/ellithomes.com\/fr\/wp-json\/wp\/v2\/types\/page"}],"author":[{"embeddable":true,"href":"https:\/\/ellithomes.com\/fr\/wp-json\/wp\/v2\/users\/2"}],"replies":[{"embeddable":true,"href":"https:\/\/ellithomes.com\/fr\/wp-json\/wp\/v2\/comments?post=2207"}],"version-history":[{"count":1,"href":"https:\/\/ellithomes.com\/fr\/wp-json\/wp\/v2\/pages\/2207\/revisions"}],"predecessor-version":[{"id":2281,"href":"https:\/\/ellithomes.com\/fr\/wp-json\/wp\/v2\/pages\/2207\/revisions\/2281"}],"wp:attachment":[{"href":"https:\/\/ellithomes.com\/fr\/wp-json\/wp\/v2\/media?parent=2207"}],"curies":[{"name":"wp","href":"https:\/\/api.w.org\/{rel}","templated":true}]}}